{"id":2377,"date":"2022-11-10T21:43:03","date_gmt":"2022-11-10T20:43:03","guid":{"rendered":"https:\/\/www.shumdavar.cz\/discography\/"},"modified":"2025-01-19T18:57:19","modified_gmt":"2025-01-19T17:57:19","slug":"discography","status":"publish","type":"page","link":"https:\/\/www.shumdavar.cz\/en\/discography\/","title":{"rendered":"discography"},"content":{"rendered":"\t\t<div data-elementor-type=\"wp-post\" data-elementor-id=\"2377\" class=\"elementor elementor-2377 elementor-2350\">\n\t\t\t\t\t\t<div class=\"elementor-inner\">\n\t\t\t\t<div class=\"elementor-section-wrap\">\n\t\t\t\t\t\t\t\t\t<section class=\"elementor-section elementor-top-section elementor-element elementor-element-djczuss elementor-section-full_width elementor-section-height-default elementor-section-height-default\" data-id=\"djczuss\" data-element_type=\"section\" id=\"sdheader\">\n\t\t\t\t\t\t<div class=\"elementor-container elementor-column-gap-no\">\n\t\t\t\t\t\t\t<div class=\"elementor-row\">\n\t\t\t\t\t<div class=\"elementor-column elementor-col-100 elementor-top-column elementor-element elementor-element-lgmnkpg\" data-id=\"lgmnkpg\" data-element_type=\"column\">\n\t\t\t<div class=\"elementor-column-wrap elementor-element-populated\">\n\t\t\t\t\t\t\t<div class=\"elementor-widget-wrap\">\n\t\t\t\t\t\t<div class=\"elementor-element elementor-element-27ed253 elementor-widget elementor-widget-template\" data-id=\"27ed253\" data-element_type=\"widget\" data-widget_type=\"template.default\">\n\t\t\t\t<div class=\"elementor-widget-container\">\n\t\t\t\t\t<div class=\"elementor-template\">\n\t\t\t\t\t<\/div>\n\t\t\t\t<\/div>\n\t\t\t\t<\/div>\n\t\t\t\t\t\t<\/div>\n\t\t\t\t\t<\/div>\n\t\t<\/div>\n\t\t\t\t\t\t\t\t<\/div>\n\t\t\t\t\t<\/div>\n\t\t<\/section>\n\t\t\t\t<section class=\"elementor-section elementor-top-section elementor-element elementor-element-7a0fe8e elementor-section-boxed elementor-section-height-default elementor-section-height-default\" data-id=\"7a0fe8e\" data-element_type=\"section\">\n\t\t\t\t\t\t<div class=\"elementor-container elementor-column-gap-default\">\n\t\t\t\t\t\t\t<div class=\"elementor-row\">\n\t\t\t\t\t<div class=\"elementor-column elementor-col-100 elementor-top-column elementor-element elementor-element-209709a\" data-id=\"209709a\" data-element_type=\"column\">\n\t\t\t<div class=\"elementor-column-wrap elementor-element-populated\">\n\t\t\t\t\t\t\t<div class=\"elementor-widget-wrap\">\n\t\t\t\t\t\t<div class=\"elementor-element elementor-element-abd0e75 elementor-widget elementor-widget-heading\" data-id=\"abd0e75\" data-element_type=\"widget\" data-widget_type=\"heading.default\">\n\t\t\t\t<div class=\"elementor-widget-container\">\n\t\t\t<h2 class=\"elementor-heading-title elementor-size-default\">Band discography<\/h2>\t\t<\/div>\n\t\t\t\t<\/div>\n\t\t\t\t\t\t<\/div>\n\t\t\t\t\t<\/div>\n\t\t<\/div>\n\t\t\t\t\t\t\t\t<\/div>\n\t\t\t\t\t<\/div>\n\t\t<\/section>\n\t\t\t\t<section class=\"elementor-section elementor-top-section elementor-element elementor-element-548b740 elementor-section-boxed elementor-section-height-default elementor-section-height-default\" data-id=\"548b740\" data-element_type=\"section\">\n\t\t\t\t\t\t<div class=\"elementor-container elementor-column-gap-default\">\n\t\t\t\t\t\t\t<div class=\"elementor-row\">\n\t\t\t\t\t<div class=\"elementor-column elementor-col-100 elementor-top-column elementor-element elementor-element-d5b80f8\" data-id=\"d5b80f8\" data-element_type=\"column\">\n\t\t\t<div class=\"elementor-column-wrap elementor-element-populated\">\n\t\t\t\t\t\t\t<div class=\"elementor-widget-wrap\">\n\t\t\t\t\t\t<div class=\"elementor-element elementor-element-7cb8a15 elementor-widget elementor-widget-text-editor\" data-id=\"7cb8a15\" data-element_type=\"widget\" data-widget_type=\"text-editor.default\">\n\t\t\t\t<div class=\"elementor-widget-container\">\n\t\t\t\t\t\t\t\t<div class=\"elementor-text-editor elementor-clearfix\">\n\t\t\t\t<h3><strong>Tribute to Ukraine<br \/><\/strong><\/h3><p><img decoding=\"async\" loading=\"lazy\" class=\"alignnone wp-image-2393 size-medium\" src=\"https:\/\/www.shumdavar.cz\/wp-content\/uploads\/2022\/11\/SDV_tribute-to-ukraine_1600x1600-300x300.jpg\" alt=\"\" width=\"300\" height=\"300\" srcset=\"https:\/\/www.shumdavar.cz\/wp-content\/uploads\/2022\/11\/SDV_tribute-to-ukraine_1600x1600-300x300.jpg 300w, https:\/\/www.shumdavar.cz\/wp-content\/uploads\/2022\/11\/SDV_tribute-to-ukraine_1600x1600-1024x1024.jpg 1024w, https:\/\/www.shumdavar.cz\/wp-content\/uploads\/2022\/11\/SDV_tribute-to-ukraine_1600x1600-150x150.jpg 150w, https:\/\/www.shumdavar.cz\/wp-content\/uploads\/2022\/11\/SDV_tribute-to-ukraine_1600x1600-768x768.jpg 768w, https:\/\/www.shumdavar.cz\/wp-content\/uploads\/2022\/11\/SDV_tribute-to-ukraine_1600x1600-1536x1536.jpg 1536w, https:\/\/www.shumdavar.cz\/wp-content\/uploads\/2022\/11\/SDV_tribute-to-ukraine_1600x1600.jpg 1600w\" sizes=\"(max-width: 300px) 100vw, 300px\" \/><\/p><p>(songs: Chorna Rilla, Svalyava Kozachok)<\/p><p><a href=\"https:\/\/shumdavar.bandcamp.com\/track\/tribute-to-ukraine\">BUY AT BANDCAMP HERE<\/a><\/p><p>Release Date: 29.3.2022<br \/>Musicians: Aliaksandr Yasinski, Alois Zatloukal, Emil Novotny, Daniel Kundr\u00e1k<br \/>Voiceover: Jenn Kirk<br \/>Record\/mix\/master: Aliaksandr Yasinski<br \/><span style=\"color: #999999;\"><span style=\"color: #808080;\">Recorded at: <\/span><a style=\"color: #999999;\" href=\"https:\/\/naparecords.com\/\"><span style=\"color: #808080;\">naparecords.com<\/span><\/a><\/span><br \/>Graphics: Jan Michoin<\/p><h3><strong>CD Folklore Fusions<br \/><\/strong><\/h3><p><a href=\"http:\/\/eshop.shumdavar.cz\/cds-merch\/cd-folklore-fusions\/\"><img decoding=\"async\" loading=\"lazy\" class=\"alignnone size-medium wp-image-1858\" src=\"https:\/\/www.shumdavar.cz\/wp-content\/uploads\/2020\/09\/SDV_cover_web-300x300.png\" alt=\"\" width=\"300\" height=\"300\" srcset=\"https:\/\/www.shumdavar.cz\/wp-content\/uploads\/2020\/09\/SDV_cover_web-300x300.png 300w, https:\/\/www.shumdavar.cz\/wp-content\/uploads\/2020\/09\/SDV_cover_web-1024x1024.png 1024w, https:\/\/www.shumdavar.cz\/wp-content\/uploads\/2020\/09\/SDV_cover_web-150x150.png 150w, https:\/\/www.shumdavar.cz\/wp-content\/uploads\/2020\/09\/SDV_cover_web-768x768.png 768w, https:\/\/www.shumdavar.cz\/wp-content\/uploads\/2020\/09\/SDV_cover_web.png 1400w\" sizes=\"(max-width: 300px) 100vw, 300px\" \/><\/a><\/p><p>(songs: 1. SPELL, 2. BELOPOLKA, 3. B\u00cdL\u00c1, 4. POPURI, 5. BERDITCHEVER, 6. JOVANO, 7. CYGANE LYUBYAT PESNI, 8. AJDE JANO, 9. SURP SARKIS, 10.TARINER)<\/p><p><a href=\"https:\/\/shumdavar.bandcamp.com\/album\/folklore-fusions\">BUY AT BANDCAMP HERE<\/a><\/p><p>Release Date 1.10.2020<br \/>Guests: Iva Mare\u0161ov\u00e1, Adam \u010cern\u00edk, Ane\u017eka Altmanov\u00e1<br \/>Musicians: Aliaksandr Yasinski, Juraj Stieranka, Gugar Manuykyan, Marcel K\u00f3\u0148a, Pavel Barto\u0161, Daniel Kundr\u00e1k<br \/><span style=\"color: #808080;\">Audio recording: <\/span><a href=\"https:\/\/www.muzyk.cz\/\"><span style=\"color: #808080;\">muzyk.cz<\/span><\/a> + Aliaksandr Yasinski<br \/>Audio mix\/master: Aliaksandr Yasinski\u00a0<br \/>Cover design: Anna Barto\u0161ov\u00e1, Pavel Barto\u0161<br \/>Photos: Patrick Marek<\/p><h3><strong>CD Tbiliso<br \/><\/strong><\/h3><p><a href=\"http:\/\/eshop.shumdavar.cz\/cds-merch\/cd-tbiliso\/\"><img decoding=\"async\" loading=\"lazy\" class=\"size-medium wp-image-1256 alignnone\" src=\"https:\/\/www.shumdavar.cz\/wp-content\/uploads\/2019\/01\/eshop-Tbiliso-300x271.jpg\" alt=\"\" width=\"300\" height=\"271\" srcset=\"https:\/\/www.shumdavar.cz\/wp-content\/uploads\/2019\/01\/eshop-Tbiliso-300x271.jpg 300w, https:\/\/www.shumdavar.cz\/wp-content\/uploads\/2019\/01\/eshop-Tbiliso-768x694.jpg 768w, https:\/\/www.shumdavar.cz\/wp-content\/uploads\/2019\/01\/eshop-Tbiliso.jpg 1014w\" sizes=\"(max-width: 300px) 100vw, 300px\" \/><\/a><\/p><p>(songs: 1. TBILISO, 2. FAYTON, 3. NIFTY&#8217;S FREILACH, 4. TRIP TO COSMA, 5. ARI ARI, 6. GOLLANDETS, 7. TSIGOYNER, 8. SHERELE-LIMONCHIKI)<\/p><p><a href=\"https:\/\/shumdavar.bandcamp.com\/album\/tbiliso\">BUY AT BANDCAMP HERE<\/a><\/p><p>Release year: 2017<br \/>Musicians: Gugar Manuykyan, Juraj Stieranka, Viktor Kundr\u00e1k, Pavel Barto\u0161, Daniel Kundr\u00e1k<br \/>Audio recording\/mix\/master: Aliaksandr Yasinski, Pavel Barto\u0161<br \/>Cover design: Jakub Bachorik<\/p><h3><strong>CD Lieben<br \/><\/strong><\/h3><h3><a href=\"http:\/\/eshop.shumdavar.cz\/cds-merch\/cd-lieben\/\"><strong><img decoding=\"async\" loading=\"lazy\" class=\"alignnone size-medium wp-image-1254\" src=\"https:\/\/www.shumdavar.cz\/wp-content\/uploads\/2019\/01\/eshop-Lieben-300x300.jpg\" alt=\"\" width=\"300\" height=\"300\" srcset=\"https:\/\/www.shumdavar.cz\/wp-content\/uploads\/2019\/01\/eshop-Lieben-300x300.jpg 300w, https:\/\/www.shumdavar.cz\/wp-content\/uploads\/2019\/01\/eshop-Lieben-150x150.jpg 150w, https:\/\/www.shumdavar.cz\/wp-content\/uploads\/2019\/01\/eshop-Lieben-768x768.jpg 768w, https:\/\/www.shumdavar.cz\/wp-content\/uploads\/2019\/01\/eshop-Lieben-1024x1024.jpg 1024w, https:\/\/www.shumdavar.cz\/wp-content\/uploads\/2019\/01\/eshop-Lieben.jpg 1600w\" sizes=\"(max-width: 300px) 100vw, 300px\" \/><\/strong><\/a><\/h3><p>(songs: 1. EJ BRANAT MI ZABRANAJUT., 2. JOVANO JOVANKE, 3. KHALIFA, 4. CSI LAV TU)<\/p><p><a href=\"https:\/\/shumdavar.bandcamp.com\/album\/lieben\">BUY AT BANDCAMP HERE<\/a><\/p><p>Release year: 2016<br \/>Guests: Limbora choir<br \/>Musicians: Aliaksandr Yasinski, Juraj Stieranka, Viktor Kundr\u00e1k, Pavel Barto\u0161, Daniel Kundr\u00e1k<br \/>Audio recording\/mix\/master: Aliaksandr Yasinski<br \/>Cover design: Pavel Barto\u0161<br \/>Cover photos: David Kummermann (from the series Libe\u0148)<\/p><p><span style=\"color: #ffffff;\">Please email us at <a href=\"mailto:shumdavarband@gmail.com\">shumdavarband@gmail.com<\/a> and we will send you a CD individually or as a set.<\/span><br \/><span style=\"color: #ffffff;\">This will best support the band. You will automatically get also a link to quality MP3 <img decoding=\"async\" class=\"emoji\" role=\"img\" draggable=\"false\" src=\"https:\/\/s.w.org\/images\/core\/emoji\/14.0.0\/svg\/1f609.svg\" alt=\"\ud83d\ude09\" \/><\/span><\/p><p>CD Folklore Fusions = 300 CZK (15 EUR)<br \/>CD Tbiliso = 200 CZK (10 EUR)<br \/>CD Lieben = 100 CZK (5 EUR)<br \/>Set 3 CD + bag = 700 CZK (30 EUR)<br \/>Postage: individual deal<\/p><p>Our bank account: 1571828017\/3030 (Airbank a.s.)<br \/>IBAN: CZ13 3030 0000 0015 7182 8017, BIC: AIRACZPP<br \/><a href=\"mailto:shumdavarband@gmail.com\">Our e-mail: shumdavarband@gmail.com<\/a><\/p><p>.<\/p>\t\t\t\t\t<\/div>\n\t\t\t\t\t\t<\/div>\n\t\t\t\t<\/div>\n\t\t\t\t\t\t<\/div>\n\t\t\t\t\t<\/div>\n\t\t<\/div>\n\t\t\t\t\t\t\t\t<\/div>\n\t\t\t\t\t<\/div>\n\t\t<\/section>\n\t\t\t\t<section class=\"elementor-section elementor-top-section elementor-element elementor-element-ef52191 elementor-section-full_width elementor-section-height-default elementor-section-height-default\" data-id=\"ef52191\" data-element_type=\"section\">\n\t\t\t\t\t\t<div class=\"elementor-container elementor-column-gap-default\">\n\t\t\t\t\t\t\t<div class=\"elementor-row\">\n\t\t\t\t\t<div class=\"elementor-column elementor-col-100 elementor-top-column elementor-element elementor-element-27da914\" data-id=\"27da914\" data-element_type=\"column\">\n\t\t\t<div class=\"elementor-column-wrap elementor-element-populated\">\n\t\t\t\t\t\t\t<div class=\"elementor-widget-wrap\">\n\t\t\t\t\t\t<div class=\"elementor-element elementor-element-2184328 elementor-widget elementor-widget-template\" data-id=\"2184328\" data-element_type=\"widget\" data-widget_type=\"template.default\">\n\t\t\t\t<div class=\"elementor-widget-container\">\n\t\t\t\t\t<div class=\"elementor-template\">\n\t\t\t\t\t<div data-elementor-type=\"section\" data-elementor-id=\"1146\" class=\"elementor elementor-1146 elementor-466 elementor-bc-flex-widget\">\n\t\t\t\t\t<div class=\"elementor-section-wrap\">\n\t\t\t\t\t\t\t\t<section class=\"elementor-section elementor-top-section elementor-element elementor-element-c816713 elementor-section-boxed elementor-section-height-default elementor-section-height-default\" data-id=\"c816713\" data-element_type=\"section\">\n\t\t\t\t\t\t<div class=\"elementor-container elementor-column-gap-wider\">\n\t\t\t\t\t\t\t<div class=\"elementor-row\">\n\t\t\t\t\t<div class=\"elementor-column elementor-col-100 elementor-top-column elementor-element elementor-element-38b0887\" data-id=\"38b0887\" data-element_type=\"column\">\n\t\t\t<div class=\"elementor-column-wrap elementor-element-populated\">\n\t\t\t\t\t\t\t<div class=\"elementor-widget-wrap\">\n\t\t\t\t\t\t<div class=\"elementor-element elementor-element-839afce elementor-widget elementor-widget-heading\" data-id=\"839afce\" data-element_type=\"widget\" data-widget_type=\"heading.default\">\n\t\t\t\t<div class=\"elementor-widget-container\">\n\t\t\t<h2 class=\"elementor-heading-title elementor-size-default\">Shum Davar playing at your event?<\/h2>\t\t<\/div>\n\t\t\t\t<\/div>\n\t\t\t\t<div class=\"elementor-element elementor-element-d8ed12c elementor-widget elementor-widget-spacer\" data-id=\"d8ed12c\" data-element_type=\"widget\" data-widget_type=\"spacer.default\">\n\t\t\t\t<div class=\"elementor-widget-container\">\n\t\t\t\t\t<div class=\"elementor-spacer\">\n\t\t\t<div class=\"elementor-spacer-inner\"><\/div>\n\t\t<\/div>\n\t\t\t\t<\/div>\n\t\t\t\t<\/div>\n\t\t\t\t<div class=\"elementor-element elementor-element-2ca14ce elementor-align-center elementor-widget elementor-widget-button\" data-id=\"2ca14ce\" data-element_type=\"widget\" data-widget_type=\"button.default\">\n\t\t\t\t<div class=\"elementor-widget-container\">\n\t\t\t\t\t<div class=\"elementor-button-wrapper\">\n\t\t\t<a href=\"mailto:shumdavarband@gmail.com\" class=\"elementor-button-link elementor-button elementor-size-sm elementor-animation-grow\" role=\"button\">\n\t\t\t\t\t\t<span class=\"elementor-button-content-wrapper\">\n\t\t\t\t\t\t\t<span class=\"elementor-button-icon elementor-align-icon-left\">\n\t\t\t\t\t\t\t\t\t<i class=\"fa fa-envelope\" aria-hidden=\"true\"><\/i>\n\t\t\t\t\t\t\t<\/span>\n\t\t\t\t\t\t<span class=\"elementor-button-text\">shumdavarband@gmail.com<\/span>\n\t\t<\/span>\n\t\t\t\t\t<\/a>\n\t\t<\/div>\n\t\t\t\t<\/div>\n\t\t\t\t<\/div>\n\t\t\t\t<div class=\"elementor-element elementor-element-cc7ef87 elementor-align-center elementor-widget elementor-widget-button\" data-id=\"cc7ef87\" data-element_type=\"widget\" data-widget_type=\"button.default\">\n\t\t\t\t<div class=\"elementor-widget-container\">\n\t\t\t\t\t<div class=\"elementor-button-wrapper\">\n\t\t\t<a href=\"tel:+420776784776\" class=\"elementor-button-link elementor-button elementor-size-sm elementor-animation-grow\" role=\"button\">\n\t\t\t\t\t\t<span class=\"elementor-button-content-wrapper\">\n\t\t\t\t\t\t\t<span class=\"elementor-button-icon elementor-align-icon-left\">\n\t\t\t\t\t\t\t\t\t<i class=\"fa fa-phone\" aria-hidden=\"true\"><\/i>\n\t\t\t\t\t\t\t<\/span>\n\t\t\t\t\t\t<span class=\"elementor-button-text\">+420776784776<\/span>\n\t\t<\/span>\n\t\t\t\t\t<\/a>\n\t\t<\/div>\n\t\t\t\t<\/div>\n\t\t\t\t<\/div>\n\t\t\t\t\t\t<\/div>\n\t\t\t\t\t<\/div>\n\t\t<\/div>\n\t\t\t\t\t\t\t\t<\/div>\n\t\t\t\t\t<\/div>\n\t\t<\/section>\n\t\t\t\t<section class=\"elementor-section elementor-top-section elementor-element elementor-element-d150cac elementor-section-content-middle elementor-section-full_width elementor-section-height-default elementor-section-height-default\" data-id=\"d150cac\" data-element_type=\"section\" data-settings=\"{&quot;background_background&quot;:&quot;classic&quot;}\">\n\t\t\t\t\t\t<div class=\"elementor-container elementor-column-gap-no\">\n\t\t\t\t\t\t\t<div class=\"elementor-row\">\n\t\t\t\t\t<div class=\"elementor-column elementor-col-100 elementor-top-column elementor-element elementor-element-a9e9542\" data-id=\"a9e9542\" data-element_type=\"column\">\n\t\t\t<div class=\"elementor-column-wrap elementor-element-populated\">\n\t\t\t\t\t\t\t<div class=\"elementor-widget-wrap\">\n\t\t\t\t\t\t<div class=\"elementor-element elementor-element-b80a1d8 elementor-widget elementor-widget-heading\" data-id=\"b80a1d8\" data-element_type=\"widget\" data-widget_type=\"heading.default\">\n\t\t\t\t<div class=\"elementor-widget-container\">\n\t\t\t<h4 class=\"elementor-heading-title elementor-size-medium\">Shum Davar\u00a0(BY, GE, SVK, CZ)<\/h4>\t\t<\/div>\n\t\t\t\t<\/div>\n\t\t\t\t<div class=\"elementor-element elementor-element-17abe20 elementor-widget elementor-widget-heading\" data-id=\"17abe20\" data-element_type=\"widget\" data-widget_type=\"heading.default\">\n\t\t\t\t<div class=\"elementor-widget-container\">\n\t\t\t<h4 class=\"elementor-heading-title elementor-size-medium\">KLEZMER GYPSY BALKAN PRAGUE MUSIC<\/h4>\t\t<\/div>\n\t\t\t\t<\/div>\n\t\t\t\t\t\t<\/div>\n\t\t\t\t\t<\/div>\n\t\t<\/div>\n\t\t\t\t\t\t\t\t<\/div>\n\t\t\t\t\t<\/div>\n\t\t<\/section>\n\t\t\t\t\t\t\t<\/div>\n\t\t\t\t<\/div>\n\t\t\t\t<\/div>\n\t\t\t\t<\/div>\n\t\t\t\t<\/div>\n\t\t\t\t\t\t<\/div>\n\t\t\t\t\t<\/div>\n\t\t<\/div>\n\t\t\t\t\t\t\t\t<\/div>\n\t\t\t\t\t<\/div>\n\t\t<\/section>\n\t\t\t\t\t\t\t\t\t<\/div>\n\t\t\t<\/div>\n\t\t\t\t\t<\/div>\n\t\t","protected":false},"excerpt":{"rendered":"<p>Band discography Tribute to Ukraine (songs: Chorna Rilla, Svalyava Kozachok) BUY AT BANDCAMP HERE Release Date: 29.3.2022Musicians: Aliaksandr Yasinski, Alois Zatloukal, Emil Novotny, Daniel Kundr\u00e1kVoiceover: Jenn KirkRecord\/mix\/master: Aliaksandr YasinskiRecorded at: naparecords.comGraphics: Jan Michoin CD Folklore Fusions (songs: 1. SPELL, 2. BELOPOLKA, 3. B\u00cdL\u00c1, 4. POPURI, 5. BERDITCHEVER, 6. JOVANO, 7. CYGANE LYUBYAT PESNI, 8. AJDE &#8230; <a title=\"discography\" class=\"read-more\" href=\"https:\/\/www.shumdavar.cz\/en\/discography\/\" aria-label=\"More on discography\">Read more<\/a><\/p>\n","protected":false},"author":1,"featured_media":0,"parent":0,"menu_order":0,"comment_status":"closed","ping_status":"closed","template":"","meta":{"_mi_skip_tracking":false,"generate_page_header":""},"_links":{"self":[{"href":"https:\/\/www.shumdavar.cz\/en\/wp-json\/wp\/v2\/pages\/2377"}],"collection":[{"href":"https:\/\/www.shumdavar.cz\/en\/wp-json\/wp\/v2\/pages"}],"about":[{"href":"https:\/\/www.shumdavar.cz\/en\/wp-json\/wp\/v2\/types\/page"}],"author":[{"embeddable":true,"href":"https:\/\/www.shumdavar.cz\/en\/wp-json\/wp\/v2\/users\/1"}],"replies":[{"embeddable":true,"href":"https:\/\/www.shumdavar.cz\/en\/wp-json\/wp\/v2\/comments?post=2377"}],"version-history":[{"count":6,"href":"https:\/\/www.shumdavar.cz\/en\/wp-json\/wp\/v2\/pages\/2377\/revisions"}],"predecessor-version":[{"id":2979,"href":"https:\/\/www.shumdavar.cz\/en\/wp-json\/wp\/v2\/pages\/2377\/revisions\/2979"}],"wp:attachment":[{"href":"https:\/\/www.shumdavar.cz\/en\/wp-json\/wp\/v2\/media?parent=2377"}],"curies":[{"name":"wp","href":"https:\/\/api.w.org\/{rel}","templated":true}]}}